{"id":4045,"date":"2016-10-19T18:00:14","date_gmt":"2016-10-19T16:00:14","guid":{"rendered":"http:\/\/www.gatv.ssr.upm.es\/wordpress\/?page_id=4045"},"modified":"2023-03-07T14:50:22","modified_gmt":"2023-03-07T12:50:22","slug":"recursos","status":"publish","type":"page","link":"https:\/\/www.gatv.ssr.upm.es\/index.php\/recursos\/","title":{"rendered":"Recursos disponibles"},"content":{"rendered":"\n<style type=\"text\/css\" data-created_by=\"avia_inline_auto\" id=\"style-css-av-le8gwrxy-a0e184a28a4a462668b56e5dfe5015c0\">\n.avia-image-container.av-le8gwrxy-a0e184a28a4a462668b56e5dfe5015c0 .av-image-caption-overlay-center{\ncolor:#ffffff;\n}\n<\/style>\n<div  class='avia-image-container av-le8gwrxy-a0e184a28a4a462668b56e5dfe5015c0 av-styling- avia-align-center  avia-builder-el-0  el_before_av_hr  avia-builder-el-first '  itemprop=\"image\" itemscope=\"itemscope\" itemtype=\"https:\/\/schema.org\/ImageObject\" ><div class=\"avia-image-container-inner\"><div class=\"avia-image-overlay-wrap\"><img decoding=\"async\" class='wp-image-9561 avia-img-lazy-loading-not-9561 avia_image' src=\"https:\/\/www.gatv.ssr.upm.es\/wp-content\/uploads\/2023\/02\/banner_recursos-scaled.jpg\" alt='' title='banner_recursos'  height=\"334\" width=\"2560\"  itemprop=\"thumbnailUrl\" srcset=\"https:\/\/www.gatv.ssr.upm.es\/wp-content\/uploads\/2023\/02\/banner_recursos-scaled.jpg 2560w, https:\/\/www.gatv.ssr.upm.es\/wp-content\/uploads\/2023\/02\/banner_recursos-300x39.jpg 300w, https:\/\/www.gatv.ssr.upm.es\/wp-content\/uploads\/2023\/02\/banner_recursos-1030x134.jpg 1030w, https:\/\/www.gatv.ssr.upm.es\/wp-content\/uploads\/2023\/02\/banner_recursos-768x100.jpg 768w, https:\/\/www.gatv.ssr.upm.es\/wp-content\/uploads\/2023\/02\/banner_recursos-1536x200.jpg 1536w, https:\/\/www.gatv.ssr.upm.es\/wp-content\/uploads\/2023\/02\/banner_recursos-2048x267.jpg 2048w, https:\/\/www.gatv.ssr.upm.es\/wp-content\/uploads\/2023\/02\/banner_recursos-1500x196.jpg 1500w, https:\/\/www.gatv.ssr.upm.es\/wp-content\/uploads\/2023\/02\/banner_recursos-705x92.jpg 705w\" sizes=\"(max-width: 2560px) 100vw, 2560px\" \/><\/div><\/div><\/div>\n\n<style type=\"text\/css\" data-created_by=\"avia_inline_auto\" id=\"style-css-av-le8gx7r8-df55f33dd4d814ca0822aae3745b7df1\">\n#top .hr.hr-invisible.av-le8gx7r8-df55f33dd4d814ca0822aae3745b7df1{\nheight:35px;\n}\n<\/style>\n<div  class='hr av-le8gx7r8-df55f33dd4d814ca0822aae3745b7df1 hr-invisible  avia-builder-el-1  el_after_av_image  el_before_av_one_full '><span class='hr-inner '><span class=\"hr-inner-style\"><\/span><\/span><\/div>\n\n<style type=\"text\/css\" data-created_by=\"avia_inline_auto\" id=\"style-css-av-le8gzl31-4241281530b5fa1734c196b51a46e4bd\">\n.flex_column.av-le8gzl31-4241281530b5fa1734c196b51a46e4bd{\npadding:20px 0 0 0;\n}\n<\/style>\n<div class='flex_column av-le8gzl31-4241281530b5fa1734c196b51a46e4bd av_one_full  avia-builder-el-2  el_after_av_hr  avia-builder-el-last  first flex_column_div '   ><section  class='av_textblock_section av-28stml-1059669a9ec36cfd6a0a28fbfc6b004e'  itemscope=\"itemscope\" itemtype=\"https:\/\/schema.org\/CreativeWork\" ><div class='avia_textblock'  itemprop=\"text\" ><h3>El laboratorio del <span style=\"color: #33cccc;\">GATV<\/span> cuenta con una red de \u00e1rea local de estaciones de trabajo LINUX y Windows atendida por varios servidores.<\/h3>\n<h3>Asimismo, cuenta con:<\/h3>\n<ul>\n<li>C\u00e1maras digitales de adquisici\u00f3n de v\u00eddeo, con capacidad de captura SD, HD y UDH (4K), con muestreo 4:2:2, sin compresi\u00f3n y salida hasta 6G-SDI<\/li>\n<li>Sistemas de transferencia y an\u00e1lisis de se\u00f1al 6G-SDI y 12G-SDI<\/li>\n<li>Cabecera de emisi\u00f3n de TV digital multiest\u00e1ndar DVB-T\/DVB-T2 e IP para pruebas y ensayos de emisi\u00f3n, incluyendo se\u00f1al de fichero y se\u00f1al en vivo, y codificaci\u00f3n en tiempo real (en formato MPEG2, H.264 y H.265 para v\u00eddeo, y AC-3 y AC-4 para audio).<\/li>\n<li>Analizador de \u201ctransport stream\u201d en tiempo real para HD-SDI y ASI.<\/li>\n<li>Sistemas de desarrollo de aplicaciones HbbTV 2.0.2 interactivas.<\/li>\n<li>Estaciones de trabajo, basadas en GPU, para procesado de aplicaciones de Visi\u00f3n Artificial en tiempo real, haciendo uso de t\u00e9cnicas de Deep Learning.<\/li>\n<\/ul>\n<\/div><\/section><\/div>\n","protected":false},"excerpt":{"rendered":"","protected":false},"author":3,"featured_media":0,"parent":0,"menu_order":0,"comment_status":"closed","ping_status":"closed","template":"","meta":{"_acf_changed":false,"footnotes":""},"class_list":["post-4045","page","type-page","status-publish","hentry"],"acf":[],"_links":{"self":[{"href":"https:\/\/www.gatv.ssr.upm.es\/index.php\/wp-json\/wp\/v2\/pages\/4045","targetHints":{"allow":["GET"]}}],"collection":[{"href":"https:\/\/www.gatv.ssr.upm.es\/index.php\/wp-json\/wp\/v2\/pages"}],"about":[{"href":"https:\/\/www.gatv.ssr.upm.es\/index.php\/wp-json\/wp\/v2\/types\/page"}],"author":[{"embeddable":true,"href":"https:\/\/www.gatv.ssr.upm.es\/index.php\/wp-json\/wp\/v2\/users\/3"}],"replies":[{"embeddable":true,"href":"https:\/\/www.gatv.ssr.upm.es\/index.php\/wp-json\/wp\/v2\/comments?post=4045"}],"version-history":[{"count":15,"href":"https:\/\/www.gatv.ssr.upm.es\/index.php\/wp-json\/wp\/v2\/pages\/4045\/revisions"}],"predecessor-version":[{"id":9584,"href":"https:\/\/www.gatv.ssr.upm.es\/index.php\/wp-json\/wp\/v2\/pages\/4045\/revisions\/9584"}],"wp:attachment":[{"href":"https:\/\/www.gatv.ssr.upm.es\/index.php\/wp-json\/wp\/v2\/media?parent=4045"}],"curies":[{"name":"wp","href":"https:\/\/api.w.org\/{rel}","templated":true}]}}