{"id":4214,"date":"2016-10-19T17:43:37","date_gmt":"2016-10-19T15:43:37","guid":{"rendered":"http:\/\/www.gatv.ssr.upm.es\/wordpress\/index.php\/patentes\/?lang=en"},"modified":"2023-03-07T14:48:23","modified_gmt":"2023-03-07T12:48:23","slug":"patents","status":"publish","type":"page","link":"https:\/\/www.gatv.ssr.upm.es\/index.php\/patents\/","title":{"rendered":"Patents"},"content":{"rendered":"\n<style type=\"text\/css\" data-created_by=\"avia_inline_auto\" id=\"style-css-av-le8hnvfa-00877d542712bc4128db2c8a0cd89393\">\n.avia-image-container.av-le8hnvfa-00877d542712bc4128db2c8a0cd89393 .av-image-caption-overlay-center{\ncolor:#ffffff;\n}\n<\/style>\n<div  class='avia-image-container av-le8hnvfa-00877d542712bc4128db2c8a0cd89393 av-styling- avia-align-center  avia-builder-el-0  el_before_av_hr  avia-builder-el-first '  itemprop=\"image\" itemscope=\"itemscope\" itemtype=\"https:\/\/schema.org\/ImageObject\" ><div class=\"avia-image-container-inner\"><div class=\"avia-image-overlay-wrap\"><img decoding=\"async\" class='wp-image-9580 avia-img-lazy-loading-not-9580 avia_image' src=\"https:\/\/www.gatv.ssr.upm.es\/wp-content\/uploads\/2023\/02\/banner_patentes-scaled.jpg\" alt='' title='banner_patentes'  height=\"334\" width=\"2560\"  itemprop=\"thumbnailUrl\" srcset=\"https:\/\/www.gatv.ssr.upm.es\/wp-content\/uploads\/2023\/02\/banner_patentes-scaled.jpg 2560w, https:\/\/www.gatv.ssr.upm.es\/wp-content\/uploads\/2023\/02\/banner_patentes-300x39.jpg 300w, https:\/\/www.gatv.ssr.upm.es\/wp-content\/uploads\/2023\/02\/banner_patentes-1030x134.jpg 1030w, https:\/\/www.gatv.ssr.upm.es\/wp-content\/uploads\/2023\/02\/banner_patentes-768x100.jpg 768w, https:\/\/www.gatv.ssr.upm.es\/wp-content\/uploads\/2023\/02\/banner_patentes-1536x200.jpg 1536w, https:\/\/www.gatv.ssr.upm.es\/wp-content\/uploads\/2023\/02\/banner_patentes-2048x267.jpg 2048w, https:\/\/www.gatv.ssr.upm.es\/wp-content\/uploads\/2023\/02\/banner_patentes-1500x196.jpg 1500w, https:\/\/www.gatv.ssr.upm.es\/wp-content\/uploads\/2023\/02\/banner_patentes-705x92.jpg 705w\" sizes=\"(max-width: 2560px) 100vw, 2560px\" \/><\/div><\/div><\/div>\n\n<style type=\"text\/css\" data-created_by=\"avia_inline_auto\" id=\"style-css-av-le8ho5a7-04726e088c2d813282a6d66fe434b8c5\">\n#top .hr.hr-invisible.av-le8ho5a7-04726e088c2d813282a6d66fe434b8c5{\nheight:35px;\n}\n<\/style>\n<div  class='hr av-le8ho5a7-04726e088c2d813282a6d66fe434b8c5 hr-invisible  avia-builder-el-1  el_after_av_image  el_before_av_one_full '><span class='hr-inner '><span class=\"hr-inner-style\"><\/span><\/span><\/div>\n\n<style type=\"text\/css\" data-created_by=\"avia_inline_auto\" id=\"style-css-av-3hu9o6-fce2b176f0bd0301093b3c6f35b3eac1\">\n.flex_column.av-3hu9o6-fce2b176f0bd0301093b3c6f35b3eac1{\nborder-radius:0px 0px 0px 0px;\n-webkit-border-radius:0px 0px 0px 0px;\n-moz-border-radius:0px 0px 0px 0px;\n}\n<\/style>\n<div class='flex_column av-3hu9o6-fce2b176f0bd0301093b3c6f35b3eac1 av_one_full  avia-builder-el-2  el_after_av_hr  avia-builder-el-last  first flex_column_div av-zero-column-padding '   ><section  class='av_textblock_section av-2v9q4m-797536bac78310b643db5550cdc4104c'  itemscope=\"itemscope\" itemtype=\"https:\/\/schema.org\/CreativeWork\" ><div class='avia_textblock'  itemprop=\"text\" ><ul>\n<li>\n<h3><strong>M\u00e9todo y sistema para la reconexi\u00f3n de cables incoherentes de fibras \u00f3pticas para transmisi\u00f3n de im\u00e1genes. Patente <\/strong><strong>de invenci\u00f3n con examen previo.<br \/>\n<\/strong><\/h3>\n<\/li>\n<\/ul>\n<p><strong>Inventors:<\/strong> J.M. Men\u00e9ndez, O. Demuynck<\/p>\n<p><strong>Publication number:<\/strong> 2 363 679<\/p>\n<p><strong>Country: <\/strong>Espa\u00f1a<\/p>\n<p><strong>Application date: <\/strong> 10\/08\/2010<\/p>\n<p><strong>Applicant: <\/strong>UPM<\/p>\n<p><strong>WIPO link:<\/strong> <a href=\"https:\/\/patentscope.wipo.int\/search\/es\/detail.jsf?docId=ES32280914\">https:\/\/patentscope.wipo.int\/search\/es\/detail.jsf?docId=ES32280914<\/a><\/p>\n<hr size=\"2\" width=\"100%\" \/>\n<ul>\n<li>\n<h3><strong>Sistema y procedimiento para la emisi\u00f3n de contenidos publicitarios personalizados seg\u00fan caracter\u00edsticas y consumos de los usuarios, para dispositivos de comunicaci\u00f3n<\/strong><strong>.<\/strong><\/h3>\n<\/li>\n<\/ul>\n<p><strong>Inventors:<\/strong> J.M. Men\u00e9ndez, G. Cisneros, F. Alvarez, I. Fern\u00e1ndez-Cedr\u00f3n, S. Uribe, M. D\u00edaz, C.A. Mart\u00edn, D. Jim\u00e9nez, J. L. Nu\u00f1ez.<\/p>\n<p><strong>Application number: <\/strong>P200800378<\/p>\n<p><strong>Publication number:<\/strong> 2 319 606<\/p>\n<p><strong>Country: <\/strong>Espa\u00f1a<\/p>\n<p><strong>Application date: <\/strong>12\/02\/2008<\/p>\n<p><strong>Applicants: <\/strong>UPM and Zentym Solutions<\/p>\n<p><strong>WIPO link:<\/strong> <a href=\"https:\/\/patentscope.wipo.int\/search\/es\/detail.jsf?docId=ES5627996\">https:\/\/patentscope.wipo.int\/search\/es\/detail.jsf?docId=ES5627996<\/a><\/p>\n<hr size=\"2\" width=\"100%\" \/>\n<ul>\n<li>\n<h3><strong>M\u00e9todo y sistema de generaci\u00f3n de un flujo de transporte corregido a partir de transporte original de televisi\u00f3n digital.Patente de invenci\u00f3n.<br \/>\n<\/strong><\/h3>\n<\/li>\n<\/ul>\n<p><strong>Inventors:<\/strong> B. Ruiz, M.L. Garc\u00eda, M. De Castro, C.A. Mart\u00edn, J.M. Men\u00e9ndez, J.M. S\u00e1nchez, D. Jim\u00e9nez, G. Cisneros, F. \u00c1lvarez, F. Utray.<\/p>\n<p><strong>Application number:<\/strong> 200930884<\/p>\n<p><strong>Publication number: <\/strong>2 358 145<\/p>\n<p><strong>Country: <\/strong>Espa\u00f1a<\/p>\n<p><strong>Application date: <\/strong>21\/10\/209<\/p>\n<p><strong>Applicants: <\/strong>UPM y UC3M<\/p>\n<p><strong>WIPO link:<\/strong> <a href=\"https:\/\/patentscope.wipo.int\/search\/en\/detail.jsf?docId=ES32207230\">https:\/\/patentscope.wipo.int\/search\/en\/detail.jsf?docId=ES32207230<\/a><\/p>\n<\/div><\/section><\/div>\n","protected":false},"excerpt":{"rendered":"","protected":false},"author":3,"featured_media":0,"parent":0,"menu_order":0,"comment_status":"closed","ping_status":"closed","template":"","meta":{"_acf_changed":false,"footnotes":""},"class_list":["post-4214","page","type-page","status-publish","hentry"],"acf":[],"_links":{"self":[{"href":"https:\/\/www.gatv.ssr.upm.es\/index.php\/wp-json\/wp\/v2\/pages\/4214","targetHints":{"allow":["GET"]}}],"collection":[{"href":"https:\/\/www.gatv.ssr.upm.es\/index.php\/wp-json\/wp\/v2\/pages"}],"about":[{"href":"https:\/\/www.gatv.ssr.upm.es\/index.php\/wp-json\/wp\/v2\/types\/page"}],"author":[{"embeddable":true,"href":"https:\/\/www.gatv.ssr.upm.es\/index.php\/wp-json\/wp\/v2\/users\/3"}],"replies":[{"embeddable":true,"href":"https:\/\/www.gatv.ssr.upm.es\/index.php\/wp-json\/wp\/v2\/comments?post=4214"}],"version-history":[{"count":7,"href":"https:\/\/www.gatv.ssr.upm.es\/index.php\/wp-json\/wp\/v2\/pages\/4214\/revisions"}],"predecessor-version":[{"id":9673,"href":"https:\/\/www.gatv.ssr.upm.es\/index.php\/wp-json\/wp\/v2\/pages\/4214\/revisions\/9673"}],"wp:attachment":[{"href":"https:\/\/www.gatv.ssr.upm.es\/index.php\/wp-json\/wp\/v2\/media?parent=4214"}],"curies":[{"name":"wp","href":"https:\/\/api.w.org\/{rel}","templated":true}]}}