{"id":4223,"date":"2016-10-19T17:44:16","date_gmt":"2016-10-19T15:44:16","guid":{"rendered":"http:\/\/www.gatv.ssr.upm.es\/wordpress\/index.php\/registros-de-software\/?lang=en"},"modified":"2023-04-24T16:55:47","modified_gmt":"2023-04-24T14:55:47","slug":"registered-software","status":"publish","type":"page","link":"https:\/\/www.gatv.ssr.upm.es\/index.php\/registered-software\/","title":{"rendered":"Registered software"},"content":{"rendered":"\n<style type=\"text\/css\" data-created_by=\"avia_inline_auto\" id=\"style-css-av-le8hmskt-5c54bfae3509c7833ee5e28458c7bd81\">\n.avia-image-container.av-le8hmskt-5c54bfae3509c7833ee5e28458c7bd81 .av-image-caption-overlay-center{\ncolor:#ffffff;\n}\n<\/style>\n<div  class='avia-image-container av-le8hmskt-5c54bfae3509c7833ee5e28458c7bd81 av-styling- avia-align-center  avia-builder-el-0  el_before_av_hr  avia-builder-el-first '  itemprop=\"image\" itemscope=\"itemscope\" itemtype=\"https:\/\/schema.org\/ImageObject\" ><div class=\"avia-image-container-inner\"><div class=\"avia-image-overlay-wrap\"><img decoding=\"async\" class='wp-image-9577 avia-img-lazy-loading-not-9577 avia_image' src=\"https:\/\/www.gatv.ssr.upm.es\/wp-content\/uploads\/2023\/02\/software_banner-scaled.jpg\" alt='' title='software_banner'  height=\"334\" width=\"2560\"  itemprop=\"thumbnailUrl\" srcset=\"https:\/\/www.gatv.ssr.upm.es\/wp-content\/uploads\/2023\/02\/software_banner-scaled.jpg 2560w, https:\/\/www.gatv.ssr.upm.es\/wp-content\/uploads\/2023\/02\/software_banner-300x39.jpg 300w, https:\/\/www.gatv.ssr.upm.es\/wp-content\/uploads\/2023\/02\/software_banner-1030x134.jpg 1030w, https:\/\/www.gatv.ssr.upm.es\/wp-content\/uploads\/2023\/02\/software_banner-768x100.jpg 768w, https:\/\/www.gatv.ssr.upm.es\/wp-content\/uploads\/2023\/02\/software_banner-1536x200.jpg 1536w, https:\/\/www.gatv.ssr.upm.es\/wp-content\/uploads\/2023\/02\/software_banner-2048x267.jpg 2048w, https:\/\/www.gatv.ssr.upm.es\/wp-content\/uploads\/2023\/02\/software_banner-1500x196.jpg 1500w, https:\/\/www.gatv.ssr.upm.es\/wp-content\/uploads\/2023\/02\/software_banner-705x92.jpg 705w\" sizes=\"(max-width: 2560px) 100vw, 2560px\" \/><\/div><\/div><\/div>\n\n<style type=\"text\/css\" data-created_by=\"avia_inline_auto\" id=\"style-css-av-le8hn2cj-1c4cb4ca69789a66d8776efedee334f7\">\n#top .hr.hr-invisible.av-le8hn2cj-1c4cb4ca69789a66d8776efedee334f7{\nheight:35px;\n}\n<\/style>\n<div  class='hr av-le8hn2cj-1c4cb4ca69789a66d8776efedee334f7 hr-invisible  avia-builder-el-1  el_after_av_image  el_before_av_one_full '><span class='hr-inner '><span class=\"hr-inner-style\"><\/span><\/span><\/div>\n\n<style type=\"text\/css\" data-created_by=\"avia_inline_auto\" id=\"style-css-av-4r5zyn-f0eff21275cc54ab1790e613bdcea3e0\">\n.flex_column.av-4r5zyn-f0eff21275cc54ab1790e613bdcea3e0{\nborder-radius:0px 0px 0px 0px;\n-webkit-border-radius:0px 0px 0px 0px;\n-moz-border-radius:0px 0px 0px 0px;\n}\n<\/style>\n<div class='flex_column av-4r5zyn-f0eff21275cc54ab1790e613bdcea3e0 av_one_full  avia-builder-el-2  el_after_av_hr  avia-builder-el-last  first flex_column_div av-zero-column-padding '   ><section  class='av_textblock_section av-38repb-86aedd5b29c01a26c9fd60571fcaaf59'  itemscope=\"itemscope\" itemtype=\"https:\/\/schema.org\/CreativeWork\" ><div class='avia_textblock'  itemprop=\"text\" ><ul>\n<li>\n<h3><strong>M\u00f3dulo de gesti\u00f3n de datos en tiempo real para procesado de v\u00eddeo y estimaci\u00f3n de calidad subjetiva.<\/strong><\/h3>\n<\/li>\n<\/ul>\n<p><strong>Autores:<\/strong> F. \u00c1lvarez, A. Artaloytia, I. Fern\u00e1ndez-Cedr\u00f3n, J. Guinea, D. Jim\u00e9nez, A. Llorente, J.M. Men\u00e9ndez, J.A.Rodrigo<\/p>\n<p><strong>Fecha de inscripci\u00f3n:<\/strong> 15\/03\/2023<\/p>\n<p><strong>Entidad titular de los derechos: <\/strong>UPM<\/p>\n<hr \/>\n<ul>\n<li>\n<h3><strong>M\u00f3dulo de adquisici\u00f3n, captura y procesamiento de v\u00eddeo en tiempo real para medici\u00f3n.<\/strong><\/h3>\n<\/li>\n<\/ul>\n<p><strong>Autores:<\/strong> F. \u00c1lvarez, A. Artaloytia, I. Fern\u00e1ndez-Cedr\u00f3n, J. Guinea, D. Jim\u00e9nez, A. Llorente, J.M. Men\u00e9ndez, J.A.Rodrigo<\/p>\n<p><strong>Fecha de inscripci\u00f3n:<\/strong> 15\/03\/2023<\/p>\n<p><strong>Entidad titular de los derechos: <\/strong>UPM<\/p>\n<hr \/>\n<ul>\n<li>\n<h3><strong>M\u00f3dulo de extracci\u00f3n de caracter\u00edsticas del v\u00eddeo para generaci\u00f3n de base de datos de entrenamiento.<\/strong><\/h3>\n<\/li>\n<\/ul>\n<p><strong>Autores:<\/strong> F. \u00c1lvarez, A. Artaloytia, I. Fern\u00e1ndez-Cedr\u00f3n, J. Guinea, D. Jim\u00e9nez, A. Llorente, J.M. Men\u00e9ndez, J.A.Rodrigo<\/p>\n<p><strong>Fecha de inscripci\u00f3n:<\/strong> 15\/03\/2023<\/p>\n<p><strong>Entidad titular de los derechos: <\/strong>UPM<\/p>\n<hr \/>\n<ul>\n<li>\n<h3><strong>M\u00f3dulo de estimaci\u00f3n de calidad subjetiva de v\u00eddeo mediante inteligencia artificial.<\/strong><\/h3>\n<\/li>\n<\/ul>\n<p><strong>Autores:<\/strong> F. \u00c1lvarez, A. Artaloytia, I. Fern\u00e1ndez-Cedr\u00f3n, J. Guinea, D. Jim\u00e9nez, A. Llorente, J.M. Men\u00e9ndez, J.A.Rodrigo<\/p>\n<p><strong>Fecha de inscripci\u00f3n:<\/strong> 15\/03\/2023<\/p>\n<p><strong>Entidad titular de los derechos: <\/strong>UPM<\/p>\n<hr \/>\n<ul>\n<li>\n<h3><strong>Plugin para la presentaci\u00f3n de subtitulos EBU-TT para la reproducci\u00f3n de v\u00eddeo VideoJS con opciones de personalizaci\u00f3n. <\/strong><\/h3>\n<\/li>\n<\/ul>\n<p><strong>Authors:<\/strong> J.M. Men\u00e9ndez, J.P. L\u00f3pez<\/p>\n<p><strong>Registration date:<\/strong> 28\/09\/2018<\/p>\n<p><strong>Owner: <\/strong>UPM<\/p>\n<hr size=\"2\" width=\"100%\" \/>\n<ul>\n<li>\n<h3><strong>Plugin para la presentaci\u00f3n de subt\u00edtulos EBU-TT-D para el reproductor de v\u00eddeo JWPlayer. <\/strong><\/h3>\n<\/li>\n<\/ul>\n<p><strong>Authors:<\/strong> J.M. Men\u00e9ndez, J.P. L\u00f3pez<\/p>\n<p><strong>Registration date:<\/strong> 28\/09\/2018<\/p>\n<p><strong>Owner: <\/strong>UPM<\/p>\n<hr \/>\n<ul>\n<li>\n<h3><strong>M\u00f3dulo de comunicaciones entre servidor y terminales m\u00f3viles en un sistema de medida de consumo de audiencia de TV y de realizaci\u00f3n de encuestas mediante un panel de usuarios.<\/strong><\/h3>\n<\/li>\n<\/ul>\n<p><strong>Authors:<\/strong> J.M. Men\u00e9ndez, S. Uribe, F. \u00c1lvarez, S. Ruiz de Castroviejo, I. Fern\u00e1ndez-Cedr\u00f3n, C.A. Mart\u00edn<\/p>\n<p><strong>Registration date:<\/strong> 10\/08\/2010<\/p>\n<p><strong>Owner: <\/strong>UPM<\/p>\n<hr size=\"2\" width=\"100%\" \/>\n<ul>\n<li>\n<h3><strong>Base de datos para la gesti\u00f3n de un panel de medida de consumos de audiencia de TV y de realizaci\u00f3n de encuestas.<\/strong><\/h3>\n<\/li>\n<\/ul>\n<p><strong>Authors:<\/strong>\u00a0J.M. Men\u00e9ndez, S. Uribe, F. \u00c1lvarez, S. Ruiz de Castroviejo, I. Fern\u00e1ndez-Cedr\u00f3n, C.A. Mart\u00edn<\/p>\n<p><strong>Registration date:<\/strong> 27\/09\/2010<\/p>\n<p><strong>Owner: <\/strong>UPM<\/p>\n<hr size=\"2\" width=\"100%\" \/>\n<ul>\n<li>\n<h3><strong>Aplicaci\u00f3n de emulaci\u00f3n de mando a distancia de medidas de consumo televisivo y de gesti\u00f3n de encuestas para MS Windows Mobile.<\/strong><\/h3>\n<\/li>\n<\/ul>\n<p><strong>Authors:<\/strong> J.M. Men\u00e9ndez, S. Uribe, F. \u00c1lvarez, S. Ruiz de Castroviejo, I. Fern\u00e1ndez-Cedr\u00f3n, C.A. Mart\u00edn<\/p>\n<p><strong>Registration date:<\/strong> 27\/09\/2010<\/p>\n<p><strong>Owner: <\/strong>UPM<\/p>\n<hr size=\"2\" width=\"100%\" \/>\n<ul>\n<li>\n<h3><strong>Aplicaci\u00f3n de emulaci\u00f3n de mando a distancia de medidas de consumo televisivo y de gesti\u00f3n de encuestas para Java\/Symbian<\/strong><\/h3>\n<\/li>\n<\/ul>\n<p><strong>Authors:<\/strong> J.M. Men\u00e9ndez, S. Uribe, F. \u00c1lvarez, S. Ruiz de Castroviejo, I. Fern\u00e1ndez-Cedr\u00f3n y C.A. Mart\u00edn<\/p>\n<p><strong>Registration date:<\/strong> 14\/10\/2010<\/p>\n<p><strong>Owner: <\/strong>UPM<\/p>\n<hr size=\"2\" width=\"100%\" \/>\n<ul>\n<li>\n<h3><strong>M\u00f3dulo de generaci\u00f3n y gesti\u00f3n de encuestas para un sistema de medici\u00f3n de consumos televisivos y de realizaci\u00f3n de encuestas a trav\u00e9s de un panel de usuarios.<\/strong><\/h3>\n<\/li>\n<\/ul>\n<p><strong>Authors:<\/strong> J.M. Men\u00e9ndez, S. Uribe, F. \u00c1lvarez, S. Ruiz de Castroviejo, I. Fern\u00e1ndez-Cedr\u00f3n, C.A. Mart\u00edn<\/p>\n<p><strong>Registration date:<\/strong> 14\/10\/2010<\/p>\n<p><strong>Owner: <\/strong>UPM<\/p>\n<hr size=\"2\" width=\"100%\" \/>\n<ul>\n<li>\n<h3><strong>M\u00f3dulo de gesti\u00f3n del servidor en un sistema de medici\u00f3n de consumos televisivos y de realizaci\u00f3n de encuestas a trav\u00e9s de un panel de usuarios. <\/strong><\/h3>\n<\/li>\n<\/ul>\n<p><strong>Authors:<\/strong> J.M. Men\u00e9ndez, S. Uribe, F. \u00c1lvarez, S. Ruiz de Castroviejo, I. Fern\u00e1ndez-Cedr\u00f3n, C.A. Mart\u00edn<\/p>\n<p><strong>Registration date:<\/strong> 14\/10\/2010<\/p>\n<p><strong>Owner: <\/strong>UPM<\/p>\n<\/div><\/section><\/div>\n","protected":false},"excerpt":{"rendered":"","protected":false},"author":3,"featured_media":0,"parent":0,"menu_order":0,"comment_status":"closed","ping_status":"closed","template":"","meta":{"_acf_changed":false,"footnotes":""},"class_list":["post-4223","page","type-page","status-publish","hentry"],"acf":[],"_links":{"self":[{"href":"https:\/\/www.gatv.ssr.upm.es\/index.php\/wp-json\/wp\/v2\/pages\/4223","targetHints":{"allow":["GET"]}}],"collection":[{"href":"https:\/\/www.gatv.ssr.upm.es\/index.php\/wp-json\/wp\/v2\/pages"}],"about":[{"href":"https:\/\/www.gatv.ssr.upm.es\/index.php\/wp-json\/wp\/v2\/types\/page"}],"author":[{"embeddable":true,"href":"https:\/\/www.gatv.ssr.upm.es\/index.php\/wp-json\/wp\/v2\/users\/3"}],"replies":[{"embeddable":true,"href":"https:\/\/www.gatv.ssr.upm.es\/index.php\/wp-json\/wp\/v2\/comments?post=4223"}],"version-history":[{"count":9,"href":"https:\/\/www.gatv.ssr.upm.es\/index.php\/wp-json\/wp\/v2\/pages\/4223\/revisions"}],"predecessor-version":[{"id":9770,"href":"https:\/\/www.gatv.ssr.upm.es\/index.php\/wp-json\/wp\/v2\/pages\/4223\/revisions\/9770"}],"wp:attachment":[{"href":"https:\/\/www.gatv.ssr.upm.es\/index.php\/wp-json\/wp\/v2\/media?parent=4223"}],"curies":[{"name":"wp","href":"https:\/\/api.w.org\/{rel}","templated":true}]}}